{"id":1476,"date":"2024-04-01T15:07:04","date_gmt":"2024-04-01T14:07:04","guid":{"rendered":"https:\/\/icpgijon.es\/?page_id=1476"},"modified":"2025-01-22T13:13:07","modified_gmt":"2025-01-22T12:13:07","slug":"oficina-de-acreditacion-de-identidad-para-certificado-electronico","status":"publish","type":"page","link":"https:\/\/icpgijon.es\/index.php\/oficina-de-acreditacion-de-identidad-para-certificado-electronico\/","title":{"rendered":"OFICINA DE ACREDITACI\u00d3N DE IDENTIDAD PARA CERTIFICADO ELECTR\u00d3NICO"},"content":{"rendered":"\t\t<div data-elementor-type=\"wp-page\" data-elementor-id=\"1476\" class=\"elementor elementor-1476\">\n\t\t\t\t\t\t\t\t\t<section class=\"elementor-section elementor-top-section elementor-element elementor-element-adab64c elementor-section-height-min-height elementor-section-boxed elementor-section-height-default elementor-section-items-middle\" data-id=\"adab64c\" data-element_type=\"section\" data-settings=\"{&quot;background_background&quot;:&quot;classic&quot;,&quot;ekit_has_onepagescroll_dot&quot;:&quot;yes&quot;}\">\n\t\t\t\t\t\t\t<div class=\"elementor-background-overlay\"><\/div>\n\t\t\t\t\t\t\t<div class=\"elementor-container elementor-column-gap-no\">\n\t\t\t\t\t<div class=\"elementor-column elementor-col-100 elementor-top-column elementor-element elementor-element-a23bbd3 animated-slow elementor-invisible\" data-id=\"a23bbd3\" data-element_type=\"column\" data-settings=\"{&quot;animation&quot;:&quot;fadeInDown&quot;}\">\n\t\t\t<div class=\"elementor-widget-wrap elementor-element-populated\">\n\t\t\t\t\t\t\t\t<div class=\"elementor-element elementor-element-9ffb292 elementor-widget-divider--view-line elementor-widget elementor-widget-divider\" data-id=\"9ffb292\" data-element_type=\"widget\" data-settings=\"{&quot;ekit_we_effect_on&quot;:&quot;none&quot;}\" data-widget_type=\"divider.default\">\n\t\t\t\t<div class=\"elementor-widget-container\">\n\t\t\t<style>\/*! elementor - v3.14.0 - 18-06-2023 *\/\n.elementor-widget-divider{--divider-border-style:none;--divider-border-width:1px;--divider-color:#0c0d0e;--divider-icon-size:20px;--divider-element-spacing:10px;--divider-pattern-height:24px;--divider-pattern-size:20px;--divider-pattern-url:none;--divider-pattern-repeat:repeat-x}.elementor-widget-divider .elementor-divider{display:flex}.elementor-widget-divider .elementor-divider__text{font-size:15px;line-height:1;max-width:95%}.elementor-widget-divider .elementor-divider__element{margin:0 var(--divider-element-spacing);flex-shrink:0}.elementor-widget-divider .elementor-icon{font-size:var(--divider-icon-size)}.elementor-widget-divider .elementor-divider-separator{display:flex;margin:0;direction:ltr}.elementor-widget-divider--view-line_icon .elementor-divider-separator,.elementor-widget-divider--view-line_text .elementor-divider-separator{align-items:center}.elementor-widget-divider--view-line_icon .elementor-divider-separator:after,.elementor-widget-divider--view-line_icon .elementor-divider-separator:before,.elementor-widget-divider--view-line_text .elementor-divider-separator:after,.elementor-widget-divider--view-line_text .elementor-divider-separator:before{display:block;content:\"\";border-bottom:0;flex-grow:1;border-top:var(--divider-border-width) var(--divider-border-style) var(--divider-color)}.elementor-widget-divider--element-align-left .elementor-divider .elementor-divider-separator>.elementor-divider__svg:first-of-type{flex-grow:0;flex-shrink:100}.elementor-widget-divider--element-align-left .elementor-divider-separator:before{content:none}.elementor-widget-divider--element-align-left .elementor-divider__element{margin-left:0}.elementor-widget-divider--element-align-right .elementor-divider .elementor-divider-separator>.elementor-divider__svg:last-of-type{flex-grow:0;flex-shrink:100}.elementor-widget-divider--element-align-right .elementor-divider-separator:after{content:none}.elementor-widget-divider--element-align-right .elementor-divider__element{margin-right:0}.elementor-widget-divider:not(.elementor-widget-divider--view-line_text):not(.elementor-widget-divider--view-line_icon) .elementor-divider-separator{border-top:var(--divider-border-width) var(--divider-border-style) var(--divider-color)}.elementor-widget-divider--separator-type-pattern{--divider-border-style:none}.elementor-widget-divider--separator-type-pattern.elementor-widget-divider--view-line .elementor-divider-separator,.elementor-widget-divider--separator-type-pattern:not(.elementor-widget-divider--view-line) .elementor-divider-separator:after,.elementor-widget-divider--separator-type-pattern:not(.elementor-widget-divider--view-line) .elementor-divider-separator:before,.elementor-widget-divider--separator-type-pattern:not([class*=elementor-widget-divider--view]) .elementor-divider-separator{width:100%;min-height:var(--divider-pattern-height);-webkit-mask-size:var(--divider-pattern-size) 100%;mask-size:var(--divider-pattern-size) 100%;-webkit-mask-repeat:var(--divider-pattern-repeat);mask-repeat:var(--divider-pattern-repeat);background-color:var(--divider-color);-webkit-mask-image:var(--divider-pattern-url);mask-image:var(--divider-pattern-url)}.elementor-widget-divider--no-spacing{--divider-pattern-size:auto}.elementor-widget-divider--bg-round{--divider-pattern-repeat:round}.rtl .elementor-widget-divider .elementor-divider__text{direction:rtl}.e-con-inner>.elementor-widget-divider,.e-con>.elementor-widget-divider{width:var(--container-widget-width,100%);--flex-grow:var(--container-widget-flex-grow)}<\/style>\t\t<div class=\"elementor-divider\">\n\t\t\t<span class=\"elementor-divider-separator\">\n\t\t\t\t\t\t<\/span>\n\t\t<\/div>\n\t\t\t\t<\/div>\n\t\t\t\t<\/div>\n\t\t\t\t<div class=\"elementor-element elementor-element-0223767 elementor-widget elementor-widget-heading\" data-id=\"0223767\" data-element_type=\"widget\" data-settings=\"{&quot;ekit_we_effect_on&quot;:&quot;none&quot;}\" data-widget_type=\"heading.default\">\n\t\t\t\t<div class=\"elementor-widget-container\">\n\t\t\t<style>\/*! elementor - v3.14.0 - 18-06-2023 *\/\n.elementor-heading-title{padding:0;margin:0;line-height:1}.elementor-widget-heading .elementor-heading-title[class*=elementor-size-]>a{color:inherit;font-size:inherit;line-height:inherit}.elementor-widget-heading .elementor-heading-title.elementor-size-small{font-size:15px}.elementor-widget-heading .elementor-heading-title.elementor-size-medium{font-size:19px}.elementor-widget-heading .elementor-heading-title.elementor-size-large{font-size:29px}.elementor-widget-heading .elementor-heading-title.elementor-size-xl{font-size:39px}.elementor-widget-heading .elementor-heading-title.elementor-size-xxl{font-size:59px}<\/style><h1 class=\"elementor-heading-title elementor-size-default\">Oficina de Acreditaci\u00f3n de Identidad para Certificado Electr\u00f3nico <\/h1>\t\t<\/div>\n\t\t\t\t<\/div>\n\t\t\t\t<div class=\"elementor-element elementor-element-4ec843a elementor-widget elementor-widget-text-editor\" data-id=\"4ec843a\" data-element_type=\"widget\" data-settings=\"{&quot;ekit_we_effect_on&quot;:&quot;none&quot;}\" data-widget_type=\"text-editor.default\">\n\t\t\t\t<div class=\"elementor-widget-container\">\n\t\t\t<style>\/*! elementor - v3.14.0 - 18-06-2023 *\/\n.elementor-widget-text-editor.elementor-drop-cap-view-stacked .elementor-drop-cap{background-color:#69727d;color:#fff}.elementor-widget-text-editor.elementor-drop-cap-view-framed .elementor-drop-cap{color:#69727d;border:3px solid;background-color:transparent}.elementor-widget-text-editor:not(.elementor-drop-cap-view-default) .elementor-drop-cap{margin-top:8px}.elementor-widget-text-editor:not(.elementor-drop-cap-view-default) .elementor-drop-cap-letter{width:1em;height:1em}.elementor-widget-text-editor .elementor-drop-cap{float:left;text-align:center;line-height:1;font-size:50px}.elementor-widget-text-editor .elementor-drop-cap-letter{display:inline-block}<\/style>\t\t\t\t<p>Sigue estos pasos para acreditar tu identidad presencialmente<\/p>\t\t\t\t\t\t<\/div>\n\t\t\t\t<\/div>\n\t\t\t\t\t<\/div>\n\t\t<\/div>\n\t\t\t\t\t\t\t<\/div>\n\t\t<\/section>\n\t\t\t\t<section class=\"elementor-section elementor-top-section elementor-element elementor-element-9da27c4 elementor-section-boxed elementor-section-height-default elementor-section-height-default\" data-id=\"9da27c4\" data-element_type=\"section\" data-settings=\"{&quot;ekit_has_onepagescroll_dot&quot;:&quot;yes&quot;}\">\n\t\t\t\t\t\t<div class=\"elementor-container elementor-column-gap-no\">\n\t\t\t\t\t<div class=\"elementor-column elementor-col-100 elementor-top-column elementor-element elementor-element-8e740c4\" data-id=\"8e740c4\" data-element_type=\"column\">\n\t\t\t<div class=\"elementor-widget-wrap elementor-element-populated\">\n\t\t\t\t\t\t\t\t<div class=\"elementor-element elementor-element-57d98a8 elementor-widget-divider--view-line elementor-widget elementor-widget-divider\" data-id=\"57d98a8\" data-element_type=\"widget\" data-settings=\"{&quot;ekit_we_effect_on&quot;:&quot;none&quot;}\" data-widget_type=\"divider.default\">\n\t\t\t\t<div class=\"elementor-widget-container\">\n\t\t\t\t\t<div class=\"elementor-divider\">\n\t\t\t<span class=\"elementor-divider-separator\">\n\t\t\t\t\t\t<\/span>\n\t\t<\/div>\n\t\t\t\t<\/div>\n\t\t\t\t<\/div>\n\t\t\t\t<div class=\"elementor-element elementor-element-608a117 e-transform elementor-widget elementor-widget-heading\" data-id=\"608a117\" data-element_type=\"widget\" data-settings=\"{&quot;_transform_scale_effect_hover&quot;:{&quot;unit&quot;:&quot;px&quot;,&quot;size&quot;:1.1,&quot;sizes&quot;:[]},&quot;ekit_we_effect_on&quot;:&quot;none&quot;,&quot;_transform_scale_effect_hover_tablet&quot;:{&quot;unit&quot;:&quot;px&quot;,&quot;size&quot;:&quot;&quot;,&quot;sizes&quot;:[]},&quot;_transform_scale_effect_hover_mobile&quot;:{&quot;unit&quot;:&quot;px&quot;,&quot;size&quot;:&quot;&quot;,&quot;sizes&quot;:[]}}\" data-widget_type=\"heading.default\">\n\t\t\t\t<div class=\"elementor-widget-container\">\n\t\t\t<h3 class=\"elementor-heading-title elementor-size-default\"><a href=\"https:\/\/www.sede.fnmt.gob.es\/certificados\/persona-fisica\/obtener-certificado-software\">\u00a1Obt\u00e9n aqu\u00ed tu Certificado Electr\u00f3nico con el Colegio de Procuradores de Gij\u00f3n!<\/a><\/h3>\t\t<\/div>\n\t\t\t\t<\/div>\n\t\t\t\t\t<\/div>\n\t\t<\/div>\n\t\t\t\t\t\t\t<\/div>\n\t\t<\/section>\n\t\t\t\t<section class=\"elementor-section elementor-top-section elementor-element elementor-element-69f2266 elementor-section-boxed elementor-section-height-default elementor-section-height-default\" data-id=\"69f2266\" data-element_type=\"section\" data-settings=\"{&quot;ekit_has_onepagescroll_dot&quot;:&quot;yes&quot;}\">\n\t\t\t\t\t\t<div class=\"elementor-container elementor-column-gap-default\">\n\t\t\t\t\t<div class=\"elementor-column elementor-col-100 elementor-top-column elementor-element elementor-element-9e0c314\" data-id=\"9e0c314\" data-element_type=\"column\">\n\t\t\t<div class=\"elementor-widget-wrap elementor-element-populated\">\n\t\t\t\t\t\t\t\t<div class=\"elementor-element elementor-element-e4c458b elementor-widget elementor-widget-text-editor\" data-id=\"e4c458b\" data-element_type=\"widget\" data-settings=\"{&quot;ekit_we_effect_on&quot;:&quot;none&quot;}\" data-widget_type=\"text-editor.default\">\n\t\t\t\t<div class=\"elementor-widget-container\">\n\t\t\t\t\t\t\t<p>El Colegio de Procuradores de Gij\u00f3n es <u>Oficina de Acreditaci\u00f3n de Identidad<\/u> para la obtenci\u00f3n de Certificado Electr\u00f3nico.<\/p><p>Antes de dirigirte al Colegio de Procuradores de Gij\u00f3n para acreditar tu identidad presencialmente tienes que hacer unos pasos previos, aqu\u00ed est\u00e1 todo el proceso de obtenci\u00f3n.<\/p>\t\t\t\t\t\t<\/div>\n\t\t\t\t<\/div>\n\t\t\t\t\t<\/div>\n\t\t<\/div>\n\t\t\t\t\t\t\t<\/div>\n\t\t<\/section>\n\t\t\t\t<section class=\"elementor-section elementor-top-section elementor-element elementor-element-8467d3c elementor-section-boxed elementor-section-height-default elementor-section-height-default\" data-id=\"8467d3c\" data-element_type=\"section\" data-settings=\"{&quot;ekit_has_onepagescroll_dot&quot;:&quot;yes&quot;}\">\n\t\t\t\t\t\t<div class=\"elementor-container elementor-column-gap-default\">\n\t\t\t\t\t<div class=\"elementor-column elementor-col-100 elementor-top-column elementor-element elementor-element-c6db58f\" data-id=\"c6db58f\" data-element_type=\"column\">\n\t\t\t<div class=\"elementor-widget-wrap elementor-element-populated\">\n\t\t\t\t\t\t\t\t<div class=\"elementor-element elementor-element-19e50a1 elementor-widget elementor-widget-elementskit-button\" data-id=\"19e50a1\" data-element_type=\"widget\" data-settings=\"{&quot;ekit_we_effect_on&quot;:&quot;none&quot;}\" data-widget_type=\"elementskit-button.default\">\n\t\t\t\t<div class=\"elementor-widget-container\">\n\t\t\t<div class=\"ekit-wid-con\" >\t\t<div class=\"ekit-btn-wraper\">\n\t\t\t\t\t\t\t<a href=\"https:\/\/www.sede.fnmt.gob.es\/certificados\/persona-fisica\/obtener-certificado-software\" class=\"elementskit-btn  whitespace--normal\" >\n\t\t\t\t\t\n\t\t\t\t\t\n\t\t\t\t\tObtener certificado\t\t\t\t<\/a>\n\t\t\t\t\t\t<\/div>\n        <\/div>\t\t<\/div>\n\t\t\t\t<\/div>\n\t\t\t\t\t<\/div>\n\t\t<\/div>\n\t\t\t\t\t\t\t<\/div>\n\t\t<\/section>\n\t\t\t\t<section class=\"elementor-section elementor-top-section elementor-element elementor-element-3f49066 elementor-section-boxed elementor-section-height-default elementor-section-height-default\" data-id=\"3f49066\" data-element_type=\"section\" data-settings=\"{&quot;ekit_has_onepagescroll_dot&quot;:&quot;yes&quot;}\">\n\t\t\t\t\t\t<div class=\"elementor-container elementor-column-gap-default\">\n\t\t\t\t\t<div class=\"elementor-column elementor-col-100 elementor-top-column elementor-element elementor-element-c26a1f2\" data-id=\"c26a1f2\" data-element_type=\"column\">\n\t\t\t<div class=\"elementor-widget-wrap elementor-element-populated\">\n\t\t\t\t\t\t\t\t<div class=\"elementor-element elementor-element-d85969a elementor-widget__width-initial elementor-widget elementor-widget-text-editor\" data-id=\"d85969a\" data-element_type=\"widget\" data-settings=\"{&quot;ekit_we_effect_on&quot;:&quot;none&quot;}\" data-widget_type=\"text-editor.default\">\n\t\t\t\t<div class=\"elementor-widget-container\">\n\t\t\t\t\t\t\t<p style=\"text-align: left;\">Una vez tenga tu certificado ponte en contacto con nosotros:<\/p><p><strong>Colegio de Procuradores de Gij\u00f3n<\/strong><br \/>Plaza Decano Eduardo Ibaseta S\/N<br \/>33207 &#8211; Gij\u00f3n<br \/><strong>Certificados que expide:<\/strong><br \/>Certificados de Persona F\u00edsica<br \/><strong>Horario:<\/strong><br \/>Lunes a Viernes de 9 a 12<br \/><strong>Pide cita previa:<\/strong><br \/><strong>Llama al\u00a0985346048<\/strong><\/p>\t\t\t\t\t\t<\/div>\n\t\t\t\t<\/div>\n\t\t\t\t\t<\/div>\n\t\t<\/div>\n\t\t\t\t\t\t\t<\/div>\n\t\t<\/section>\n\t\t\t\t\t\t\t<\/div>\n\t\t","protected":false},"excerpt":{"rendered":"<p>Oficina de Acreditaci\u00f3n de Identidad para Certificado Electr\u00f3nico Sigue estos pasos para acreditar tu identidad presencialmente \u00a1Obt\u00e9n aqu\u00ed tu Certificado Electr\u00f3nico con el Colegio de Procuradores de Gij\u00f3n! El Colegio de Procuradores de Gij\u00f3n es Oficina de Acreditaci\u00f3n de Identidad para la obtenci\u00f3n de Certificado Electr\u00f3nico. Antes de dirigirte al Colegio de Procuradores de Gij\u00f3n &hellip;<\/p>\n<p class=\"read-more\"> <a class=\"\" href=\"https:\/\/icpgijon.es\/index.php\/oficina-de-acreditacion-de-identidad-para-certificado-electronico\/\"> <span class=\"screen-reader-text\">OFICINA DE ACREDITACI\u00d3N DE IDENTIDAD PARA CERTIFICADO ELECTR\u00d3NICO<\/span> Leer m\u00e1s &raquo;<\/a><\/p>\n","protected":false},"author":1,"featured_media":0,"parent":0,"menu_order":0,"comment_status":"closed","ping_status":"closed","template":"","meta":{"site-sidebar-layout":"no-sidebar","site-content-layout":"page-builder","ast-global-header-display":"","ast-main-header-display":"","ast-hfb-above-header-display":"","ast-hfb-below-header-display":"","ast-hfb-mobile-header-display":"","site-post-title":"disabled","ast-breadcrumbs-content":"","ast-featured-img":"disabled","footer-sml-layout":"","theme-transparent-header-meta":"","adv-header-id-meta":"","stick-header-meta":"","header-above-stick-meta":"","header-main-stick-meta":"","header-below-stick-meta":"","footnotes":""},"class_list":["post-1476","page","type-page","status-publish","hentry"],"yoast_head":"<!-- This site is optimized with the Yoast SEO Premium plugin v20.8 (Yoast SEO v20.9) - https:\/\/yoast.com\/wordpress\/plugins\/seo\/ -->\n<title>OFICINA DE ACREDITACI\u00d3N DE IDENTIDAD PARA CERTIFICADO ELECTR\u00d3NICO - ICP GIJON<\/title>\n<meta name=\"robots\" content=\"index, follow, max-snippet:-1, max-image-preview:large, max-video-preview:-1\" \/>\n<link rel=\"canonical\" href=\"https:\/\/icpgijon.es\/index.php\/oficina-de-acreditacion-de-identidad-para-certificado-electronico\/\" \/>\n<meta property=\"og:locale\" content=\"es_ES\" \/>\n<meta property=\"og:type\" content=\"article\" \/>\n<meta property=\"og:title\" content=\"OFICINA DE ACREDITACI\u00d3N DE IDENTIDAD PARA CERTIFICADO ELECTR\u00d3NICO\" \/>\n<meta property=\"og:description\" content=\"Oficina de Acreditaci\u00f3n de Identidad para Certificado Electr\u00f3nico Sigue estos pasos para acreditar tu identidad presencialmente \u00a1Obt\u00e9n aqu\u00ed tu Certificado Electr\u00f3nico con el Colegio de Procuradores de Gij\u00f3n! El Colegio de Procuradores de Gij\u00f3n es Oficina de Acreditaci\u00f3n de Identidad para la obtenci\u00f3n de Certificado Electr\u00f3nico. Antes de dirigirte al Colegio de Procuradores de Gij\u00f3n &hellip; OFICINA DE ACREDITACI\u00d3N DE IDENTIDAD PARA CERTIFICADO ELECTR\u00d3NICO Leer m\u00e1s &raquo;\" \/>\n<meta property=\"og:url\" content=\"https:\/\/icpgijon.es\/index.php\/oficina-de-acreditacion-de-identidad-para-certificado-electronico\/\" \/>\n<meta property=\"og:site_name\" content=\"ICP GIJON\" \/>\n<meta property=\"article:modified_time\" content=\"2025-01-22T12:13:07+00:00\" \/>\n<meta name=\"twitter:card\" content=\"summary_large_image\" \/>\n<meta name=\"twitter:label1\" content=\"Tiempo de lectura\" \/>\n\t<meta name=\"twitter:data1\" content=\"1 minuto\" \/>\n<script type=\"application\/ld+json\" class=\"yoast-schema-graph\">{\"@context\":\"https:\/\/schema.org\",\"@graph\":[{\"@type\":\"WebPage\",\"@id\":\"https:\/\/icpgijon.es\/index.php\/oficina-de-acreditacion-de-identidad-para-certificado-electronico\/\",\"url\":\"https:\/\/icpgijon.es\/index.php\/oficina-de-acreditacion-de-identidad-para-certificado-electronico\/\",\"name\":\"OFICINA DE ACREDITACI\u00d3N DE IDENTIDAD PARA CERTIFICADO ELECTR\u00d3NICO - ICP GIJON\",\"isPartOf\":{\"@id\":\"https:\/\/icpgijon.es\/#website\"},\"datePublished\":\"2024-04-01T14:07:04+00:00\",\"dateModified\":\"2025-01-22T12:13:07+00:00\",\"breadcrumb\":{\"@id\":\"https:\/\/icpgijon.es\/index.php\/oficina-de-acreditacion-de-identidad-para-certificado-electronico\/#breadcrumb\"},\"inLanguage\":\"es\",\"potentialAction\":[{\"@type\":\"ReadAction\",\"target\":[\"https:\/\/icpgijon.es\/index.php\/oficina-de-acreditacion-de-identidad-para-certificado-electronico\/\"]}]},{\"@type\":\"BreadcrumbList\",\"@id\":\"https:\/\/icpgijon.es\/index.php\/oficina-de-acreditacion-de-identidad-para-certificado-electronico\/#breadcrumb\",\"itemListElement\":[{\"@type\":\"ListItem\",\"position\":1,\"name\":\"Portada\",\"item\":\"https:\/\/icpgijon.es\/\"},{\"@type\":\"ListItem\",\"position\":2,\"name\":\"OFICINA DE ACREDITACI\u00d3N DE IDENTIDAD PARA CERTIFICADO ELECTR\u00d3NICO\"}]},{\"@type\":\"WebSite\",\"@id\":\"https:\/\/icpgijon.es\/#website\",\"url\":\"https:\/\/icpgijon.es\/\",\"name\":\"Ilustre Colegio de Procuradores de Gij\u00f3n\",\"description\":\"Ilustre Colegio de Procuradores de Gij\u00f3n\",\"publisher\":{\"@id\":\"https:\/\/icpgijon.es\/#organization\"},\"potentialAction\":[{\"@type\":\"SearchAction\",\"target\":{\"@type\":\"EntryPoint\",\"urlTemplate\":\"https:\/\/icpgijon.es\/?s={search_term_string}\"},\"query-input\":\"required name=search_term_string\"}],\"inLanguage\":\"es\"},{\"@type\":\"Organization\",\"@id\":\"https:\/\/icpgijon.es\/#organization\",\"name\":\"Ilustre Colegio de Procuradores de Gij\u00f3n\",\"url\":\"https:\/\/icpgijon.es\/\",\"logo\":{\"@type\":\"ImageObject\",\"inLanguage\":\"es\",\"@id\":\"https:\/\/icpgijon.es\/#\/schema\/logo\/image\/\",\"url\":\"https:\/\/icpgijon.es\/wp-content\/uploads\/2021\/03\/image002-removebg-preview.png\",\"contentUrl\":\"https:\/\/icpgijon.es\/wp-content\/uploads\/2021\/03\/image002-removebg-preview.png\",\"width\":266,\"height\":316,\"caption\":\"Ilustre Colegio de Procuradores de Gij\u00f3n\"},\"image\":{\"@id\":\"https:\/\/icpgijon.es\/#\/schema\/logo\/image\/\"}}]}<\/script>\n<!-- \/ Yoast SEO Premium plugin. -->","yoast_head_json":{"title":"OFICINA DE ACREDITACI\u00d3N DE IDENTIDAD PARA CERTIFICADO ELECTR\u00d3NICO - ICP GIJON","robots":{"index":"index","follow":"follow","max-snippet":"max-snippet:-1","max-image-preview":"max-image-preview:large","max-video-preview":"max-video-preview:-1"},"canonical":"https:\/\/icpgijon.es\/index.php\/oficina-de-acreditacion-de-identidad-para-certificado-electronico\/","og_locale":"es_ES","og_type":"article","og_title":"OFICINA DE ACREDITACI\u00d3N DE IDENTIDAD PARA CERTIFICADO ELECTR\u00d3NICO","og_description":"Oficina de Acreditaci\u00f3n de Identidad para Certificado Electr\u00f3nico Sigue estos pasos para acreditar tu identidad presencialmente \u00a1Obt\u00e9n aqu\u00ed tu Certificado Electr\u00f3nico con el Colegio de Procuradores de Gij\u00f3n! El Colegio de Procuradores de Gij\u00f3n es Oficina de Acreditaci\u00f3n de Identidad para la obtenci\u00f3n de Certificado Electr\u00f3nico. Antes de dirigirte al Colegio de Procuradores de Gij\u00f3n &hellip; OFICINA DE ACREDITACI\u00d3N DE IDENTIDAD PARA CERTIFICADO ELECTR\u00d3NICO Leer m\u00e1s &raquo;","og_url":"https:\/\/icpgijon.es\/index.php\/oficina-de-acreditacion-de-identidad-para-certificado-electronico\/","og_site_name":"ICP GIJON","article_modified_time":"2025-01-22T12:13:07+00:00","twitter_card":"summary_large_image","twitter_misc":{"Tiempo de lectura":"1 minuto"},"schema":{"@context":"https:\/\/schema.org","@graph":[{"@type":"WebPage","@id":"https:\/\/icpgijon.es\/index.php\/oficina-de-acreditacion-de-identidad-para-certificado-electronico\/","url":"https:\/\/icpgijon.es\/index.php\/oficina-de-acreditacion-de-identidad-para-certificado-electronico\/","name":"OFICINA DE ACREDITACI\u00d3N DE IDENTIDAD PARA CERTIFICADO ELECTR\u00d3NICO - ICP GIJON","isPartOf":{"@id":"https:\/\/icpgijon.es\/#website"},"datePublished":"2024-04-01T14:07:04+00:00","dateModified":"2025-01-22T12:13:07+00:00","breadcrumb":{"@id":"https:\/\/icpgijon.es\/index.php\/oficina-de-acreditacion-de-identidad-para-certificado-electronico\/#breadcrumb"},"inLanguage":"es","potentialAction":[{"@type":"ReadAction","target":["https:\/\/icpgijon.es\/index.php\/oficina-de-acreditacion-de-identidad-para-certificado-electronico\/"]}]},{"@type":"BreadcrumbList","@id":"https:\/\/icpgijon.es\/index.php\/oficina-de-acreditacion-de-identidad-para-certificado-electronico\/#breadcrumb","itemListElement":[{"@type":"ListItem","position":1,"name":"Portada","item":"https:\/\/icpgijon.es\/"},{"@type":"ListItem","position":2,"name":"OFICINA DE ACREDITACI\u00d3N DE IDENTIDAD PARA CERTIFICADO ELECTR\u00d3NICO"}]},{"@type":"WebSite","@id":"https:\/\/icpgijon.es\/#website","url":"https:\/\/icpgijon.es\/","name":"Ilustre Colegio de Procuradores de Gij\u00f3n","description":"Ilustre Colegio de Procuradores de Gij\u00f3n","publisher":{"@id":"https:\/\/icpgijon.es\/#organization"},"potentialAction":[{"@type":"SearchAction","target":{"@type":"EntryPoint","urlTemplate":"https:\/\/icpgijon.es\/?s={search_term_string}"},"query-input":"required name=search_term_string"}],"inLanguage":"es"},{"@type":"Organization","@id":"https:\/\/icpgijon.es\/#organization","name":"Ilustre Colegio de Procuradores de Gij\u00f3n","url":"https:\/\/icpgijon.es\/","logo":{"@type":"ImageObject","inLanguage":"es","@id":"https:\/\/icpgijon.es\/#\/schema\/logo\/image\/","url":"https:\/\/icpgijon.es\/wp-content\/uploads\/2021\/03\/image002-removebg-preview.png","contentUrl":"https:\/\/icpgijon.es\/wp-content\/uploads\/2021\/03\/image002-removebg-preview.png","width":266,"height":316,"caption":"Ilustre Colegio de Procuradores de Gij\u00f3n"},"image":{"@id":"https:\/\/icpgijon.es\/#\/schema\/logo\/image\/"}}]}},"_links":{"self":[{"href":"https:\/\/icpgijon.es\/index.php\/wp-json\/wp\/v2\/pages\/1476"}],"collection":[{"href":"https:\/\/icpgijon.es\/index.php\/wp-json\/wp\/v2\/pages"}],"about":[{"href":"https:\/\/icpgijon.es\/index.php\/wp-json\/wp\/v2\/types\/page"}],"author":[{"embeddable":true,"href":"https:\/\/icpgijon.es\/index.php\/wp-json\/wp\/v2\/users\/1"}],"replies":[{"embeddable":true,"href":"https:\/\/icpgijon.es\/index.php\/wp-json\/wp\/v2\/comments?post=1476"}],"version-history":[{"count":37,"href":"https:\/\/icpgijon.es\/index.php\/wp-json\/wp\/v2\/pages\/1476\/revisions"}],"predecessor-version":[{"id":1552,"href":"https:\/\/icpgijon.es\/index.php\/wp-json\/wp\/v2\/pages\/1476\/revisions\/1552"}],"wp:attachment":[{"href":"https:\/\/icpgijon.es\/index.php\/wp-json\/wp\/v2\/media?parent=1476"}],"curies":[{"name":"wp","href":"https:\/\/api.w.org\/{rel}","templated":true}]}}