{"id":1087,"date":"2023-05-08T11:56:37","date_gmt":"2023-05-08T10:56:37","guid":{"rendered":"https:\/\/icpgijon.es\/index.php\/directory-listado_de_p\/"},"modified":"2025-01-23T10:59:40","modified_gmt":"2025-01-23T09:59:40","slug":"directory-listado_de_p","status":"publish","type":"page","link":"https:\/\/icpgijon.es\/index.php\/directory-listado_de_p\/","title":{"rendered":"Listado de procuradores 2023"},"content":{"rendered":"\t\t<div data-elementor-type=\"wp-page\" data-elementor-id=\"1087\" class=\"elementor elementor-1087\">\n\t\t\t\t\t\t\t\t\t<section class=\"elementor-section elementor-top-section elementor-element elementor-element-5149400 elementor-section-height-min-height elementor-section-boxed elementor-section-height-default elementor-section-items-middle\" data-id=\"5149400\" data-element_type=\"section\" data-settings=\"{&quot;background_background&quot;:&quot;classic&quot;,&quot;ekit_has_onepagescroll_dot&quot;:&quot;yes&quot;}\">\n\t\t\t\t\t\t\t<div class=\"elementor-background-overlay\"><\/div>\n\t\t\t\t\t\t\t<div class=\"elementor-container elementor-column-gap-no\">\n\t\t\t\t\t<div class=\"elementor-column elementor-col-100 elementor-top-column elementor-element elementor-element-81f661c\" data-id=\"81f661c\" data-element_type=\"column\">\n\t\t\t<div class=\"elementor-widget-wrap elementor-element-populated\">\n\t\t\t\t\t\t\t\t<div class=\"elementor-element elementor-element-8e2a10b elementor-widget-divider--view-line elementor-widget elementor-widget-divider\" data-id=\"8e2a10b\" data-element_type=\"widget\" data-settings=\"{&quot;ekit_we_effect_on&quot;:&quot;none&quot;}\" data-widget_type=\"divider.default\">\n\t\t\t\t<div class=\"elementor-widget-container\">\n\t\t\t<style>\/*! elementor - v3.14.0 - 18-06-2023 *\/\n.elementor-widget-divider{--divider-border-style:none;--divider-border-width:1px;--divider-color:#0c0d0e;--divider-icon-size:20px;--divider-element-spacing:10px;--divider-pattern-height:24px;--divider-pattern-size:20px;--divider-pattern-url:none;--divider-pattern-repeat:repeat-x}.elementor-widget-divider .elementor-divider{display:flex}.elementor-widget-divider .elementor-divider__text{font-size:15px;line-height:1;max-width:95%}.elementor-widget-divider .elementor-divider__element{margin:0 var(--divider-element-spacing);flex-shrink:0}.elementor-widget-divider .elementor-icon{font-size:var(--divider-icon-size)}.elementor-widget-divider .elementor-divider-separator{display:flex;margin:0;direction:ltr}.elementor-widget-divider--view-line_icon .elementor-divider-separator,.elementor-widget-divider--view-line_text .elementor-divider-separator{align-items:center}.elementor-widget-divider--view-line_icon .elementor-divider-separator:after,.elementor-widget-divider--view-line_icon .elementor-divider-separator:before,.elementor-widget-divider--view-line_text .elementor-divider-separator:after,.elementor-widget-divider--view-line_text .elementor-divider-separator:before{display:block;content:\"\";border-bottom:0;flex-grow:1;border-top:var(--divider-border-width) var(--divider-border-style) var(--divider-color)}.elementor-widget-divider--element-align-left .elementor-divider .elementor-divider-separator>.elementor-divider__svg:first-of-type{flex-grow:0;flex-shrink:100}.elementor-widget-divider--element-align-left .elementor-divider-separator:before{content:none}.elementor-widget-divider--element-align-left .elementor-divider__element{margin-left:0}.elementor-widget-divider--element-align-right .elementor-divider .elementor-divider-separator>.elementor-divider__svg:last-of-type{flex-grow:0;flex-shrink:100}.elementor-widget-divider--element-align-right .elementor-divider-separator:after{content:none}.elementor-widget-divider--element-align-right .elementor-divider__element{margin-right:0}.elementor-widget-divider:not(.elementor-widget-divider--view-line_text):not(.elementor-widget-divider--view-line_icon) .elementor-divider-separator{border-top:var(--divider-border-width) var(--divider-border-style) var(--divider-color)}.elementor-widget-divider--separator-type-pattern{--divider-border-style:none}.elementor-widget-divider--separator-type-pattern.elementor-widget-divider--view-line .elementor-divider-separator,.elementor-widget-divider--separator-type-pattern:not(.elementor-widget-divider--view-line) .elementor-divider-separator:after,.elementor-widget-divider--separator-type-pattern:not(.elementor-widget-divider--view-line) .elementor-divider-separator:before,.elementor-widget-divider--separator-type-pattern:not([class*=elementor-widget-divider--view]) .elementor-divider-separator{width:100%;min-height:var(--divider-pattern-height);-webkit-mask-size:var(--divider-pattern-size) 100%;mask-size:var(--divider-pattern-size) 100%;-webkit-mask-repeat:var(--divider-pattern-repeat);mask-repeat:var(--divider-pattern-repeat);background-color:var(--divider-color);-webkit-mask-image:var(--divider-pattern-url);mask-image:var(--divider-pattern-url)}.elementor-widget-divider--no-spacing{--divider-pattern-size:auto}.elementor-widget-divider--bg-round{--divider-pattern-repeat:round}.rtl .elementor-widget-divider .elementor-divider__text{direction:rtl}.e-con-inner>.elementor-widget-divider,.e-con>.elementor-widget-divider{width:var(--container-widget-width,100%);--flex-grow:var(--container-widget-flex-grow)}<\/style>\t\t<div class=\"elementor-divider\">\n\t\t\t<span class=\"elementor-divider-separator\">\n\t\t\t\t\t\t<\/span>\n\t\t<\/div>\n\t\t\t\t<\/div>\n\t\t\t\t<\/div>\n\t\t\t\t<div class=\"elementor-element elementor-element-1f42542 elementor-widget__width-initial elementor-widget elementor-widget-heading\" data-id=\"1f42542\" data-element_type=\"widget\" data-settings=\"{&quot;ekit_we_effect_on&quot;:&quot;none&quot;}\" data-widget_type=\"heading.default\">\n\t\t\t\t<div class=\"elementor-widget-container\">\n\t\t\t<style>\/*! elementor - v3.14.0 - 18-06-2023 *\/\n.elementor-heading-title{padding:0;margin:0;line-height:1}.elementor-widget-heading .elementor-heading-title[class*=elementor-size-]>a{color:inherit;font-size:inherit;line-height:inherit}.elementor-widget-heading .elementor-heading-title.elementor-size-small{font-size:15px}.elementor-widget-heading .elementor-heading-title.elementor-size-medium{font-size:19px}.elementor-widget-heading .elementor-heading-title.elementor-size-large{font-size:29px}.elementor-widget-heading .elementor-heading-title.elementor-size-xl{font-size:39px}.elementor-widget-heading .elementor-heading-title.elementor-size-xxl{font-size:59px}<\/style><h1 class=\"elementor-heading-title elementor-size-default\">Listado de procuradores<\/h1>\t\t<\/div>\n\t\t\t\t<\/div>\n\t\t\t\t<div class=\"elementor-element elementor-element-f71a36c elementor-widget elementor-widget-text-editor\" data-id=\"f71a36c\" data-element_type=\"widget\" data-settings=\"{&quot;ekit_we_effect_on&quot;:&quot;none&quot;}\" data-widget_type=\"text-editor.default\">\n\t\t\t\t<div class=\"elementor-widget-container\">\n\t\t\t<style>\/*! elementor - v3.14.0 - 18-06-2023 *\/\n.elementor-widget-text-editor.elementor-drop-cap-view-stacked .elementor-drop-cap{background-color:#69727d;color:#fff}.elementor-widget-text-editor.elementor-drop-cap-view-framed .elementor-drop-cap{color:#69727d;border:3px solid;background-color:transparent}.elementor-widget-text-editor:not(.elementor-drop-cap-view-default) .elementor-drop-cap{margin-top:8px}.elementor-widget-text-editor:not(.elementor-drop-cap-view-default) .elementor-drop-cap-letter{width:1em;height:1em}.elementor-widget-text-editor .elementor-drop-cap{float:left;text-align:center;line-height:1;font-size:50px}.elementor-widget-text-editor .elementor-drop-cap-letter{display:inline-block}<\/style>\t\t\t\t<p>A continuaci\u00f3n podr\u00e1 localizar a Procuradores del Colegio de Gij\u00f3n<\/p>\t\t\t\t\t\t<\/div>\n\t\t\t\t<\/div>\n\t\t\t\t\t<\/div>\n\t\t<\/div>\n\t\t\t\t\t\t\t<\/div>\n\t\t<\/section>\n\t\t\t\t<section class=\"elementor-section elementor-top-section elementor-element elementor-element-09dd78a elementor-section-full_width elementor-section-height-default elementor-section-height-default\" data-id=\"09dd78a\" data-element_type=\"section\" data-settings=\"{&quot;ekit_has_onepagescroll_dot&quot;:&quot;yes&quot;}\">\n\t\t\t\t\t\t<div class=\"elementor-container elementor-column-gap-default\">\n\t\t\t\t\t<div class=\"elementor-column elementor-col-100 elementor-top-column elementor-element elementor-element-3e3db03\" data-id=\"3e3db03\" data-element_type=\"column\">\n\t\t\t<div class=\"elementor-widget-wrap elementor-element-populated\">\n\t\t\t\t\t\t\t\t<div class=\"elementor-element elementor-element-cf7e6d9 elementor-widget elementor-widget-html\" data-id=\"cf7e6d9\" data-element_type=\"widget\" data-settings=\"{&quot;ekit_we_effect_on&quot;:&quot;none&quot;}\" data-widget_type=\"html.default\">\n\t\t\t\t<div class=\"elementor-widget-container\">\n\t\t\t<div id=\"footable_parent_1130\"\n         class=\" footable_parent ninja_table_wrapper loading_ninja_table wp_table_data_press_parent semantic_ui colored_table\">\n                <table data-ninja_table_instance=\"ninja_table_instance_0\" data-footable_id=\"1130\" data-filter-delay=\"1000\" aria-label=\"Listado de procuradores\"            id=\"footable_1130\"\n           data-unique_identifier=\"ninja_table_unique_id_22167393_1130\"\n           class=\" foo-table ninja_footable foo_table_1130 ninja_table_unique_id_22167393_1130 ui table  nt_type_ajax_table selectable striped vertical_centered ninja_custom_color inverted footable-paging-right ninja_table_pro\">\n                <colgroup>\n                            <col class=\"ninja_column_0 \">\n                            <col class=\"ninja_column_1 \">\n                            <col class=\"ninja_column_2 hidden\">\n                            <col class=\"ninja_column_3 \">\n                            <col class=\"ninja_column_4 \">\n                            <col class=\"ninja_column_5 \">\n                            <col class=\"ninja_column_6 \">\n                            <col class=\"ninja_column_7 \">\n                            <col class=\"ninja_column_8 \">\n                    <\/colgroup>\n            <\/table>\n                    <style type=\"text\/css\" id='ninja_table_custom_css_1130'>\n                        #footable_1130  {\n    font-family: system-ui;\n    font-size: 15px;\n    }\n\n\n    #footable_1130 tbody tr td span.fooicon-plus:before {\n    background-color:  !important;\n    }\n    #footable_1130 tbody tr td span.fooicon-minus:before {\n    background-color:  !important;\n    }\n\n    #footable_1130 tbody tr:hover td span.fooicon-plus:before {\n    background-color: rgba(0, 0, 0, 1) !important;\n    }\n    #footable_1130 tbody tr:hover td span.fooicon-minus:before {\n    background-color: rgba(0, 0, 0, 1) !important;\n    }\n\n    #footable_1130 thead tr.footable-header th span::before {\n    background-color: rgba(183, 0, 47, 1) !important;\n    }\n    #footable_1130,\n    #footable_1130 table {\n    background-color:  !important;\n    color:  !important;\n    border-color:  !important;\n    }\n    #footable_1130 thead tr.footable-filtering th {\n    background-color: rgba(255, 255, 255, 1) !important;\n    color: rgba(183, 0, 47, 1) !important;\n    }\n    #footable_1130:not(.hide_all_borders) thead tr.footable-filtering th {\n            border : 1px solid transparent !important;\n        }\n    #footable_1130 .input-group-btn:last-child > .btn:not(:last-child):not(.dropdown-toggle) {\n    background-color: rgba(183, 0, 47, 1) !important;\n    color: rgba(255, 255, 255, 1) !important;\n    }\n    #footable_1130 tr.footable-header, #footable_1130 tr.footable-header th, .colored_table #footable_1130 table.ninja_table_pro.inverted.table.footable-details tbody tr th {\n    background-color: rgba(255, 255, 255, 1) !important;\n    color: rgba(183, 0, 47, 1) !important;\n    }\n    \n        #footable_1130 tbody tr:hover {\n    background-color:  !important;\n    color: rgba(0, 0, 0, 1) !important;\n    }\n    #footable_1130 tbody tr:hover td {\n    border-color:  !important;\n    }\n            #footable_1130 tbody tr:nth-child(even) {\n        background-color: rgba(180, 127, 140, 0.04) !important;\n        color:  !important;\n        }\n        #footable_1130 tbody tr:nth-child(odd) {\n        background-color:  !important;\n        color:  !important;\n        }\n        #footable_1130 tbody tr:nth-child(even):hover {\n        background-color: rgba(255, 255, 255, 0.46) !important;\n        }\n        #footable_1130 tbody tr:nth-child(odd):hover {\n        background-color:  !important;\n        }\n\n        #footable_1130 tbody tr:nth-child(even) td span.fooicon-plus:before {\n        background-color:  !important;\n        }\n        #footable_1130 tbody tr:nth-child(even) td span.fooicon-minus:before {\n        background-color:  !important;\n        }\n\n        #footable_1130 tbody tr:nth-child(odd) td span.fooicon-plus:before {\n        background-color:  !important;\n        }\n        #footable_1130 tbody tr:nth-child(odd) td span.fooicon-minus:before {\n        background-color:  !important;\n        }\n\n        #footable_1130 tbody tr:nth-child(even) tr:hover td span.fooicon-plus:before {\n        background-color:  !important;\n        }\n        #footable_1130 tbody tr:nth-child(even) tr:hover td span.fooicon-minus:before {\n        background-color:  !important;\n        }\n\n        #footable_1130 tbody tr:nth-child(odd) tr:hover td span.fooicon-plus:before {\n        background-color:  !important;\n        }\n        #footable_1130 tbody tr:nth-child(odd) tr:hover td span.fooicon-minus:before {\n        background-color:  !important;\n        }\n    \n    #footable_1130 tfoot .footable-paging {\n    background-color:  !important;\n    }\n    #footable_1130 tfoot .footable-paging .footable-page.active a {\n    background-color: rgba(183, 0, 47, 1) !important;\n    }\n    #footable_1130:not(.hide_all_borders) tfoot tr.footable-paging td {\n    border-color:  !important;\n    }\n    \n                <\/style>\n                \n    \n    \n<\/div>\n\t\t<\/div>\n\t\t\t\t<\/div>\n\t\t\t\t\t<\/div>\n\t\t<\/div>\n\t\t\t\t\t\t\t<\/div>\n\t\t<\/section>\n\t\t\t\t<section class=\"elementor-section elementor-top-section elementor-element elementor-element-df1d670 elementor-section-boxed elementor-section-height-default elementor-section-height-default\" data-id=\"df1d670\" data-element_type=\"section\" data-settings=\"{&quot;ekit_has_onepagescroll_dot&quot;:&quot;yes&quot;}\">\n\t\t\t\t\t\t<div class=\"elementor-container elementor-column-gap-default\">\n\t\t\t\t\t<div class=\"elementor-column elementor-col-100 elementor-top-column elementor-element elementor-element-84653b5\" data-id=\"84653b5\" data-element_type=\"column\">\n\t\t\t<div class=\"elementor-widget-wrap\">\n\t\t\t\t\t\t\t\t\t<\/div>\n\t\t<\/div>\n\t\t\t\t\t\t\t<\/div>\n\t\t<\/section>\n\t\t\t\t\t\t\t<\/div>\n\t\t","protected":false},"excerpt":{"rendered":"<p>Listado de procuradores A continuaci\u00f3n podr\u00e1 localizar a Procuradores del Colegio de Gij\u00f3n<\/p>\n","protected":false},"author":1,"featured_media":0,"parent":0,"menu_order":0,"comment_status":"closed","ping_status":"closed","template":"","meta":{"site-sidebar-layout":"no-sidebar","site-content-layout":"page-builder","ast-global-header-display":"","ast-main-header-display":"","ast-hfb-above-header-display":"","ast-hfb-below-header-display":"","ast-hfb-mobile-header-display":"","site-post-title":"disabled","ast-breadcrumbs-content":"","ast-featured-img":"disabled","footer-sml-layout":"","theme-transparent-header-meta":"","adv-header-id-meta":"","stick-header-meta":"","header-above-stick-meta":"","header-main-stick-meta":"","header-below-stick-meta":"","footnotes":""},"class_list":["post-1087","page","type-page","status-publish","hentry"],"yoast_head":"<!-- This site is optimized with the Yoast SEO Premium plugin v20.8 (Yoast SEO v20.9) - https:\/\/yoast.com\/wordpress\/plugins\/seo\/ -->\n<title>Listado de procuradores 2023 - ICP GIJON<\/title>\n<meta name=\"robots\" content=\"index, follow, max-snippet:-1, max-image-preview:large, max-video-preview:-1\" \/>\n<link rel=\"canonical\" href=\"https:\/\/icpgijon.es\/index.php\/directory-listado_de_p\/\" \/>\n<meta property=\"og:locale\" content=\"es_ES\" \/>\n<meta property=\"og:type\" content=\"article\" \/>\n<meta property=\"og:title\" content=\"Listado de procuradores 2023\" \/>\n<meta property=\"og:description\" content=\"Listado de procuradores A continuaci\u00f3n podr\u00e1 localizar a Procuradores del Colegio de Gij\u00f3n\" \/>\n<meta property=\"og:url\" content=\"https:\/\/icpgijon.es\/index.php\/directory-listado_de_p\/\" \/>\n<meta property=\"og:site_name\" content=\"ICP GIJON\" \/>\n<meta property=\"article:modified_time\" content=\"2025-01-23T09:59:40+00:00\" \/>\n<meta name=\"twitter:card\" content=\"summary_large_image\" \/>\n<meta name=\"twitter:label1\" content=\"Tiempo de lectura\" \/>\n\t<meta name=\"twitter:data1\" content=\"1 minuto\" \/>\n<script type=\"application\/ld+json\" class=\"yoast-schema-graph\">{\"@context\":\"https:\/\/schema.org\",\"@graph\":[{\"@type\":\"WebPage\",\"@id\":\"https:\/\/icpgijon.es\/index.php\/directory-listado_de_p\/\",\"url\":\"https:\/\/icpgijon.es\/index.php\/directory-listado_de_p\/\",\"name\":\"Listado de procuradores 2023 - ICP GIJON\",\"isPartOf\":{\"@id\":\"https:\/\/icpgijon.es\/#website\"},\"datePublished\":\"2023-05-08T10:56:37+00:00\",\"dateModified\":\"2025-01-23T09:59:40+00:00\",\"breadcrumb\":{\"@id\":\"https:\/\/icpgijon.es\/index.php\/directory-listado_de_p\/#breadcrumb\"},\"inLanguage\":\"es\",\"potentialAction\":[{\"@type\":\"ReadAction\",\"target\":[\"https:\/\/icpgijon.es\/index.php\/directory-listado_de_p\/\"]}]},{\"@type\":\"BreadcrumbList\",\"@id\":\"https:\/\/icpgijon.es\/index.php\/directory-listado_de_p\/#breadcrumb\",\"itemListElement\":[{\"@type\":\"ListItem\",\"position\":1,\"name\":\"Portada\",\"item\":\"https:\/\/icpgijon.es\/\"},{\"@type\":\"ListItem\",\"position\":2,\"name\":\"Listado de procuradores 2023\"}]},{\"@type\":\"WebSite\",\"@id\":\"https:\/\/icpgijon.es\/#website\",\"url\":\"https:\/\/icpgijon.es\/\",\"name\":\"Ilustre Colegio de Procuradores de Gij\u00f3n\",\"description\":\"Ilustre Colegio de Procuradores de Gij\u00f3n\",\"publisher\":{\"@id\":\"https:\/\/icpgijon.es\/#organization\"},\"potentialAction\":[{\"@type\":\"SearchAction\",\"target\":{\"@type\":\"EntryPoint\",\"urlTemplate\":\"https:\/\/icpgijon.es\/?s={search_term_string}\"},\"query-input\":\"required name=search_term_string\"}],\"inLanguage\":\"es\"},{\"@type\":\"Organization\",\"@id\":\"https:\/\/icpgijon.es\/#organization\",\"name\":\"Ilustre Colegio de Procuradores de Gij\u00f3n\",\"url\":\"https:\/\/icpgijon.es\/\",\"logo\":{\"@type\":\"ImageObject\",\"inLanguage\":\"es\",\"@id\":\"https:\/\/icpgijon.es\/#\/schema\/logo\/image\/\",\"url\":\"https:\/\/icpgijon.es\/wp-content\/uploads\/2021\/03\/image002-removebg-preview.png\",\"contentUrl\":\"https:\/\/icpgijon.es\/wp-content\/uploads\/2021\/03\/image002-removebg-preview.png\",\"width\":266,\"height\":316,\"caption\":\"Ilustre Colegio de Procuradores de Gij\u00f3n\"},\"image\":{\"@id\":\"https:\/\/icpgijon.es\/#\/schema\/logo\/image\/\"}}]}<\/script>\n<!-- \/ Yoast SEO Premium plugin. -->","yoast_head_json":{"title":"Listado de procuradores 2023 - ICP GIJON","robots":{"index":"index","follow":"follow","max-snippet":"max-snippet:-1","max-image-preview":"max-image-preview:large","max-video-preview":"max-video-preview:-1"},"canonical":"https:\/\/icpgijon.es\/index.php\/directory-listado_de_p\/","og_locale":"es_ES","og_type":"article","og_title":"Listado de procuradores 2023","og_description":"Listado de procuradores A continuaci\u00f3n podr\u00e1 localizar a Procuradores del Colegio de Gij\u00f3n","og_url":"https:\/\/icpgijon.es\/index.php\/directory-listado_de_p\/","og_site_name":"ICP GIJON","article_modified_time":"2025-01-23T09:59:40+00:00","twitter_card":"summary_large_image","twitter_misc":{"Tiempo de lectura":"1 minuto"},"schema":{"@context":"https:\/\/schema.org","@graph":[{"@type":"WebPage","@id":"https:\/\/icpgijon.es\/index.php\/directory-listado_de_p\/","url":"https:\/\/icpgijon.es\/index.php\/directory-listado_de_p\/","name":"Listado de procuradores 2023 - ICP GIJON","isPartOf":{"@id":"https:\/\/icpgijon.es\/#website"},"datePublished":"2023-05-08T10:56:37+00:00","dateModified":"2025-01-23T09:59:40+00:00","breadcrumb":{"@id":"https:\/\/icpgijon.es\/index.php\/directory-listado_de_p\/#breadcrumb"},"inLanguage":"es","potentialAction":[{"@type":"ReadAction","target":["https:\/\/icpgijon.es\/index.php\/directory-listado_de_p\/"]}]},{"@type":"BreadcrumbList","@id":"https:\/\/icpgijon.es\/index.php\/directory-listado_de_p\/#breadcrumb","itemListElement":[{"@type":"ListItem","position":1,"name":"Portada","item":"https:\/\/icpgijon.es\/"},{"@type":"ListItem","position":2,"name":"Listado de procuradores 2023"}]},{"@type":"WebSite","@id":"https:\/\/icpgijon.es\/#website","url":"https:\/\/icpgijon.es\/","name":"Ilustre Colegio de Procuradores de Gij\u00f3n","description":"Ilustre Colegio de Procuradores de Gij\u00f3n","publisher":{"@id":"https:\/\/icpgijon.es\/#organization"},"potentialAction":[{"@type":"SearchAction","target":{"@type":"EntryPoint","urlTemplate":"https:\/\/icpgijon.es\/?s={search_term_string}"},"query-input":"required name=search_term_string"}],"inLanguage":"es"},{"@type":"Organization","@id":"https:\/\/icpgijon.es\/#organization","name":"Ilustre Colegio de Procuradores de Gij\u00f3n","url":"https:\/\/icpgijon.es\/","logo":{"@type":"ImageObject","inLanguage":"es","@id":"https:\/\/icpgijon.es\/#\/schema\/logo\/image\/","url":"https:\/\/icpgijon.es\/wp-content\/uploads\/2021\/03\/image002-removebg-preview.png","contentUrl":"https:\/\/icpgijon.es\/wp-content\/uploads\/2021\/03\/image002-removebg-preview.png","width":266,"height":316,"caption":"Ilustre Colegio de Procuradores de Gij\u00f3n"},"image":{"@id":"https:\/\/icpgijon.es\/#\/schema\/logo\/image\/"}}]}},"_links":{"self":[{"href":"https:\/\/icpgijon.es\/index.php\/wp-json\/wp\/v2\/pages\/1087"}],"collection":[{"href":"https:\/\/icpgijon.es\/index.php\/wp-json\/wp\/v2\/pages"}],"about":[{"href":"https:\/\/icpgijon.es\/index.php\/wp-json\/wp\/v2\/types\/page"}],"author":[{"embeddable":true,"href":"https:\/\/icpgijon.es\/index.php\/wp-json\/wp\/v2\/users\/1"}],"replies":[{"embeddable":true,"href":"https:\/\/icpgijon.es\/index.php\/wp-json\/wp\/v2\/comments?post=1087"}],"version-history":[{"count":27,"href":"https:\/\/icpgijon.es\/index.php\/wp-json\/wp\/v2\/pages\/1087\/revisions"}],"predecessor-version":[{"id":1557,"href":"https:\/\/icpgijon.es\/index.php\/wp-json\/wp\/v2\/pages\/1087\/revisions\/1557"}],"wp:attachment":[{"href":"https:\/\/icpgijon.es\/index.php\/wp-json\/wp\/v2\/media?parent=1087"}],"curies":[{"name":"wp","href":"https:\/\/api.w.org\/{rel}","templated":true}]}}